{"id":1089,"date":"2019-04-03T12:41:46","date_gmt":"2019-04-03T09:41:46","guid":{"rendered":"https:\/\/www.talgo.gr\/essen-trinken\/"},"modified":"2021-09-24T11:10:02","modified_gmt":"2021-09-24T08:10:02","slug":"essen-trinken","status":"publish","type":"page","link":"https:\/\/www.talgo.gr\/de\/essen-trinken\/","title":{"rendered":"Essen &#038; Trinken"},"content":{"rendered":"\t\t<div data-elementor-type=\"wp-post\" data-elementor-id=\"1089\" class=\"elementor elementor-1089 elementor-163\" data-elementor-post-type=\"page\">\n\t\t\t\t\t\t<section class=\"elementor-section elementor-top-section elementor-element elementor-element-5030e03 elementor-section-full_width elementor-section-height-default elementor-section-height-default\" data-id=\"5030e03\" data-element_type=\"section\" data-settings=\"{&quot;background_background&quot;:&quot;classic&quot;}\">\n\t\t\t\t\t\t<div class=\"elementor-container elementor-column-gap-no\">\n\t\t\t\t\t<div class=\"elementor-column elementor-col-100 elementor-top-column elementor-element elementor-element-e71b381\" data-id=\"e71b381\" data-element_type=\"column\">\n\t\t\t<div class=\"elementor-widget-wrap elementor-element-populated\">\n\t\t\t\t\t\t<section class=\"elementor-section elementor-inner-section elementor-element elementor-element-e3f04ca whitetexts elementor-section-boxed elementor-section-height-default elementor-section-height-default\" data-id=\"e3f04ca\" data-element_type=\"section\">\n\t\t\t\t\t\t<div class=\"elementor-container elementor-column-gap-no\">\n\t\t\t\t\t<div class=\"elementor-column elementor-col-50 elementor-inner-column elementor-element elementor-element-6d3176d elementor-invisible\" data-id=\"6d3176d\" data-element_type=\"column\" data-settings=\"{&quot;background_background&quot;:&quot;classic&quot;,&quot;animation&quot;:&quot;fadeIn&quot;}\">\n\t\t\t<div class=\"elementor-widget-wrap elementor-element-populated\">\n\t\t\t\t\t\t<div class=\"elementor-element elementor-element-d9b19ca elementor-invisible elementor-widget elementor-widget-text-editor\" data-id=\"d9b19ca\" data-element_type=\"widget\" data-settings=\"{&quot;_animation&quot;:&quot;fadeInUp&quot;}\" data-widget_type=\"text-editor.default\">\n\t\t\t\t<div class=\"elementor-widget-container\">\n\t\t\t\t\t\t\t<h2>TALGO BEACH BAR RESTAURANT<\/h2>\n<p>Das Talgo Beach Bar Restaurant liegt direkt am Wasser und offeriert eine kulinarische Reise mit Blick auf die glitzernde Bucht von Stalida.<\/p>\n<p>Der rechte Ort f\u00fcr einen guten Start in den Tag mit einem gesunden und reichhaltigen, hausgemachten Fr\u00fchst\u00fccksbuffet. Sie k\u00f6nnen frisch gebackenes Brot, hausgemachte Marmeladen, kretischen Honig und Joghurt, frische S\u00e4fte und andere lokale K\u00f6stlichkeiten genie\u00dfen.<\/p>\n\t\t\t\t\t\t<\/div>\n\t\t\t\t<\/div>\n\t\t\t\t\t<\/div>\n\t\t<\/div>\n\t\t\t\t<div class=\"elementor-column elementor-col-50 elementor-inner-column elementor-element elementor-element-d29c60c elementor-invisible\" data-id=\"d29c60c\" data-element_type=\"column\" data-settings=\"{&quot;animation&quot;:&quot;fadeIn&quot;,&quot;animation_delay&quot;:200}\">\n\t\t\t<div class=\"elementor-widget-wrap elementor-element-populated\">\n\t\t\t\t\t\t<div class=\"elementor-element elementor-element-43f8b49 elementor-invisible elementor-widget elementor-widget-spacer\" data-id=\"43f8b49\" data-element_type=\"widget\" data-settings=\"{&quot;_animation&quot;:&quot;fadeInUp&quot;,&quot;_animation_delay&quot;:100}\" data-widget_type=\"spacer.default\">\n\t\t\t\t<div class=\"elementor-widget-container\">\n\t\t\t\t\t<div class=\"elementor-spacer\">\n\t\t\t<div class=\"elementor-spacer-inner\"><\/div>\n\t\t<\/div>\n\t\t\t\t<\/div>\n\t\t\t\t<\/div>\n\t\t\t\t\t<\/div>\n\t\t<\/div>\n\t\t\t\t\t<\/div>\n\t\t<\/section>\n\t\t\t\t\t<\/div>\n\t\t<\/div>\n\t\t\t\t\t<\/div>\n\t\t<\/section>\n\t\t\t\t<section class=\"elementor-section elementor-top-section elementor-element elementor-element-3ebd4de elementor-section-boxed elementor-section-height-default elementor-section-height-default elementor-invisible\" data-id=\"3ebd4de\" data-element_type=\"section\" data-settings=\"{&quot;animation&quot;:&quot;fadeInUp&quot;}\">\n\t\t\t\t\t\t<div class=\"elementor-container elementor-column-gap-default\">\n\t\t\t\t\t<div class=\"elementor-column elementor-col-100 elementor-top-column elementor-element elementor-element-88ba283\" data-id=\"88ba283\" data-element_type=\"column\">\n\t\t\t<div class=\"elementor-widget-wrap elementor-element-populated\">\n\t\t\t\t\t\t<div class=\"elementor-element elementor-element-8fd4a27 elementor-widget elementor-widget-text-editor\" data-id=\"8fd4a27\" data-element_type=\"widget\" data-widget_type=\"text-editor.default\">\n\t\t\t\t<div class=\"elementor-widget-container\">\n\t\t\t\t\t\t\t<p>Machen Sie tags\u00fcber eine Pause vom sonnigen Strand und erkunden Sie mediterrane und internationale K\u00f6stlichkeiten, frisch gefangenen Fisch, k\u00f6stliche Salate und Sandwiches mit k\u00fchlen griechischen Weinen oder Erfrischungen.<\/p>\n<h4>Speisen sind f\u00fcr Talgo sehr wichtig<\/h4>\n<p>F\u00fcr Sie erhalten wir von kleinen lokalen Produzenten jeden Tag original kretische Produkte. Alle Gerichte werden mit extra nativem kretischem Oliven\u00f6l aus dem Olivenhain unserer Familie gekocht.<\/p>\n<p><em>\u00d6ffnungszeiten: 08:30h \u2013 18:00h<\/em><\/p>\n\t\t\t\t\t\t<\/div>\n\t\t\t\t<\/div>\n\t\t\t\t\t<\/div>\n\t\t<\/div>\n\t\t\t\t\t<\/div>\n\t\t<\/section>\n\t\t\t\t<section class=\"elementor-section elementor-top-section elementor-element elementor-element-bd57b0a elementor-section-stretched elementor-section-full_width elementor-section-height-default elementor-section-height-default\" data-id=\"bd57b0a\" data-element_type=\"section\" data-settings=\"{&quot;stretch_section&quot;:&quot;section-stretched&quot;}\">\n\t\t\t\t\t\t<div class=\"elementor-container elementor-column-gap-no\">\n\t\t\t\t\t<div class=\"elementor-column elementor-col-100 elementor-top-column elementor-element elementor-element-f660af2\" data-id=\"f660af2\" data-element_type=\"column\">\n\t\t\t<div class=\"elementor-widget-wrap elementor-element-populated\">\n\t\t\t\t\t\t<div class=\"elementor-element elementor-element-0f8ea88 fullwidthgallery elementor-widget elementor-widget-image-gallery\" data-id=\"0f8ea88\" data-element_type=\"widget\" data-widget_type=\"image-gallery.default\">\n\t\t\t\t<div class=\"elementor-widget-container\">\n\t\t\t\t\t<div class=\"elementor-image-gallery\">\n\t\t\t<div id='gallery-1' class='gallery galleryid-1089 gallery-columns-3 gallery-size-medium_large'><figure class='gallery-item'>\n\t\t\t<div class='gallery-icon landscape'>\n\t\t\t\t<a data-elementor-open-lightbox=\"yes\" data-elementor-lightbox-slideshow=\"0f8ea88\" data-elementor-lightbox-title=\"Accommodation at Talgo Hotel Stalida Crete\" data-e-action-hash=\"#elementor-action%3Aaction%3Dlightbox%26settings%3DeyJpZCI6MTAyMiwidXJsIjoiaHR0cHM6XC9cL3d3dy50YWxnby5nclwvd3AtY29udGVudFwvdXBsb2Fkc1wvMjAxOVwvMDNcL2Rpbm5lcl9jdGEuanBnIiwic2xpZGVzaG93IjoiMGY4ZWE4OCJ9\" href='https:\/\/www.talgo.gr\/wp-content\/uploads\/2019\/03\/dinner_cta.jpg'><img fetchpriority=\"high\" decoding=\"async\" width=\"768\" height=\"512\" src=\"https:\/\/www.talgo.gr\/wp-content\/uploads\/2019\/03\/dinner_cta-768x512.jpg\" class=\"attachment-medium_large size-medium_large\" alt=\"\" srcset=\"https:\/\/www.talgo.gr\/wp-content\/uploads\/2019\/03\/dinner_cta-768x512.jpg 768w, https:\/\/www.talgo.gr\/wp-content\/uploads\/2019\/03\/dinner_cta-600x400.jpg 600w, https:\/\/www.talgo.gr\/wp-content\/uploads\/2019\/03\/dinner_cta.jpg 1124w\" sizes=\"(max-width: 768px) 100vw, 768px\" \/><\/a>\n\t\t\t<\/div><\/figure><figure class='gallery-item'>\n\t\t\t<div class='gallery-icon landscape'>\n\t\t\t\t<a data-elementor-open-lightbox=\"yes\" data-elementor-lightbox-slideshow=\"0f8ea88\" data-elementor-lightbox-title=\"Talgo Hotel Stalida Crete\" data-e-action-hash=\"#elementor-action%3Aaction%3Dlightbox%26settings%3DeyJpZCI6OTM4LCJ1cmwiOiJodHRwczpcL1wvd3d3LnRhbGdvLmdyXC93cC1jb250ZW50XC91cGxvYWRzXC8yMDE5XC8wM1wvdGFsZ28taG90ZWwtc3RhbGlkYTEzLmpwZyIsInNsaWRlc2hvdyI6IjBmOGVhODgifQ%3D%3D\" href='https:\/\/www.talgo.gr\/wp-content\/uploads\/2019\/03\/talgo-hotel-stalida13.jpg'><img decoding=\"async\" width=\"768\" height=\"512\" src=\"https:\/\/www.talgo.gr\/wp-content\/uploads\/2019\/03\/talgo-hotel-stalida13-768x512.jpg\" class=\"attachment-medium_large size-medium_large\" alt=\"\" srcset=\"https:\/\/www.talgo.gr\/wp-content\/uploads\/2019\/03\/talgo-hotel-stalida13-768x512.jpg 768w, https:\/\/www.talgo.gr\/wp-content\/uploads\/2019\/03\/talgo-hotel-stalida13-600x400.jpg 600w, https:\/\/www.talgo.gr\/wp-content\/uploads\/2019\/03\/talgo-hotel-stalida13.jpg 1124w\" sizes=\"(max-width: 768px) 100vw, 768px\" \/><\/a>\n\t\t\t<\/div><\/figure><figure class='gallery-item'>\n\t\t\t<div class='gallery-icon landscape'>\n\t\t\t\t<a data-elementor-open-lightbox=\"yes\" data-elementor-lightbox-slideshow=\"0f8ea88\" data-elementor-lightbox-title=\"_0014_Layer 24\" data-e-action-hash=\"#elementor-action%3Aaction%3Dlightbox%26settings%3DeyJpZCI6OTYyLCJ1cmwiOiJodHRwczpcL1wvd3d3LnRhbGdvLmdyXC93cC1jb250ZW50XC91cGxvYWRzXC8yMDE5XC8wM1wvMDAxNF9MYXllci0yNC5qcGciLCJzbGlkZXNob3ciOiIwZjhlYTg4In0%3D\" href='https:\/\/www.talgo.gr\/wp-content\/uploads\/2019\/03\/0014_Layer-24.jpg'><img decoding=\"async\" width=\"768\" height=\"512\" src=\"https:\/\/www.talgo.gr\/wp-content\/uploads\/2019\/03\/0014_Layer-24-768x512.jpg\" class=\"attachment-medium_large size-medium_large\" alt=\"\" srcset=\"https:\/\/www.talgo.gr\/wp-content\/uploads\/2019\/03\/0014_Layer-24-768x512.jpg 768w, https:\/\/www.talgo.gr\/wp-content\/uploads\/2019\/03\/0014_Layer-24-600x400.jpg 600w, https:\/\/www.talgo.gr\/wp-content\/uploads\/2019\/03\/0014_Layer-24-1124x749.jpg 1124w, https:\/\/www.talgo.gr\/wp-content\/uploads\/2019\/03\/0014_Layer-24.jpg 1200w\" sizes=\"(max-width: 768px) 100vw, 768px\" \/><\/a>\n\t\t\t<\/div><\/figure>\n\t\t<\/div>\n\t\t<\/div>\n\t\t\t\t<\/div>\n\t\t\t\t<\/div>\n\t\t\t\t\t<\/div>\n\t\t<\/div>\n\t\t\t\t\t<\/div>\n\t\t<\/section>\n\t\t\t\t<\/div>\n\t\t","protected":false},"excerpt":{"rendered":"<p>TALGO BEACH BAR RESTAURANT Das Talgo Beach Bar Restaurant liegt direkt am Wasser und offeriert eine kulinarische Reise mit Blick auf die glitzernde Bucht von Stalida. Der rechte Ort f\u00fcr einen guten Start in den Tag mit einem gesunden und reichhaltigen, hausgemachten Fr\u00fchst\u00fccksbuffet. Sie k\u00f6nnen frisch gebackenes Brot, hausgemachte Marmeladen, kretischen Honig und Joghurt, frische [&hellip;]<\/p>\n","protected":false},"author":1,"featured_media":1003,"parent":0,"menu_order":0,"comment_status":"closed","ping_status":"closed","template":"","meta":{"footnotes":""},"yoast_head":"<!-- This site is optimized with the Yoast SEO plugin v23.4 - https:\/\/yoast.com\/wordpress\/plugins\/seo\/ -->\n<title>Essen &amp; Trinken in Talgo Suites Stalida, Crete, Greece<\/title>\n<meta name=\"description\" content=\"Talgo Beach Bar und Restaurant sind am Strand gelegen und offerieren eine kulinarische Reise mit Ausblick auf die glitzernde Bucht von Stalida.\" \/>\n<meta name=\"robots\" content=\"index, follow, max-snippet:-1, max-image-preview:large, max-video-preview:-1\" \/>\n<link rel=\"canonical\" href=\"https:\/\/www.talgo.gr\/de\/essen-trinken\/\" \/>\n<meta property=\"og:locale\" content=\"de_DE\" \/>\n<meta property=\"og:type\" content=\"article\" \/>\n<meta property=\"og:title\" content=\"Essen &amp; Trinken in Talgo Suites Stalida, Crete, Greece\" \/>\n<meta property=\"og:description\" content=\"Talgo Beach Bar und Restaurant sind am Strand gelegen und offerieren eine kulinarische Reise mit Ausblick auf die glitzernde Bucht von Stalida.\" \/>\n<meta property=\"og:url\" content=\"https:\/\/www.talgo.gr\/de\/essen-trinken\/\" \/>\n<meta property=\"og:site_name\" content=\"Talgo Suites Stalida, Crete, Greece\" \/>\n<meta property=\"article:modified_time\" content=\"2021-09-24T08:10:02+00:00\" \/>\n<meta property=\"og:image\" content=\"https:\/\/www.talgo.gr\/wp-content\/uploads\/2019\/03\/01-header.jpg\" \/>\n\t<meta property=\"og:image:width\" content=\"1200\" \/>\n\t<meta property=\"og:image:height\" content=\"578\" \/>\n\t<meta property=\"og:image:type\" content=\"image\/jpeg\" \/>\n<meta name=\"twitter:card\" content=\"summary_large_image\" \/>\n<meta name=\"twitter:label1\" content=\"Gesch\u00e4tzte Lesezeit\" \/>\n\t<meta name=\"twitter:data1\" content=\"1\u00a0Minute\" \/>\n<script type=\"application\/ld+json\" class=\"yoast-schema-graph\">{\"@context\":\"https:\/\/schema.org\",\"@graph\":[{\"@type\":\"WebPage\",\"@id\":\"https:\/\/www.talgo.gr\/de\/essen-trinken\/\",\"url\":\"https:\/\/www.talgo.gr\/de\/essen-trinken\/\",\"name\":\"Essen & Trinken in Talgo Suites Stalida, Crete, Greece\",\"isPartOf\":{\"@id\":\"https:\/\/www.talgo.gr\/#website\"},\"primaryImageOfPage\":{\"@id\":\"https:\/\/www.talgo.gr\/de\/essen-trinken\/#primaryimage\"},\"image\":{\"@id\":\"https:\/\/www.talgo.gr\/de\/essen-trinken\/#primaryimage\"},\"thumbnailUrl\":\"https:\/\/www.talgo.gr\/wp-content\/uploads\/2019\/03\/01-header.jpg\",\"datePublished\":\"2019-04-03T09:41:46+00:00\",\"dateModified\":\"2021-09-24T08:10:02+00:00\",\"description\":\"Talgo Beach Bar und Restaurant sind am Strand gelegen und offerieren eine kulinarische Reise mit Ausblick auf die glitzernde Bucht von Stalida.\",\"breadcrumb\":{\"@id\":\"https:\/\/www.talgo.gr\/de\/essen-trinken\/#breadcrumb\"},\"inLanguage\":\"de\",\"potentialAction\":[{\"@type\":\"ReadAction\",\"target\":[\"https:\/\/www.talgo.gr\/de\/essen-trinken\/\"]}]},{\"@type\":\"ImageObject\",\"inLanguage\":\"de\",\"@id\":\"https:\/\/www.talgo.gr\/de\/essen-trinken\/#primaryimage\",\"url\":\"https:\/\/www.talgo.gr\/wp-content\/uploads\/2019\/03\/01-header.jpg\",\"contentUrl\":\"https:\/\/www.talgo.gr\/wp-content\/uploads\/2019\/03\/01-header.jpg\",\"width\":1200,\"height\":578},{\"@type\":\"BreadcrumbList\",\"@id\":\"https:\/\/www.talgo.gr\/de\/essen-trinken\/#breadcrumb\",\"itemListElement\":[{\"@type\":\"ListItem\",\"position\":1,\"name\":\"Home\",\"item\":\"https:\/\/www.talgo.gr\/de\/\"},{\"@type\":\"ListItem\",\"position\":2,\"name\":\"Essen &#038; Trinken\"}]},{\"@type\":\"WebSite\",\"@id\":\"https:\/\/www.talgo.gr\/#website\",\"url\":\"https:\/\/www.talgo.gr\/\",\"name\":\"Talgo Suites Stalida, Crete, Greece\",\"description\":\"\",\"publisher\":{\"@id\":\"https:\/\/www.talgo.gr\/#organization\"},\"potentialAction\":[{\"@type\":\"SearchAction\",\"target\":{\"@type\":\"EntryPoint\",\"urlTemplate\":\"https:\/\/www.talgo.gr\/?s={search_term_string}\"},\"query-input\":{\"@type\":\"PropertyValueSpecification\",\"valueRequired\":true,\"valueName\":\"search_term_string\"}}],\"inLanguage\":\"de\"},{\"@type\":\"Organization\",\"@id\":\"https:\/\/www.talgo.gr\/#organization\",\"name\":\"Talgo Suites Stalida, Crete, Greece\",\"url\":\"https:\/\/www.talgo.gr\/\",\"logo\":{\"@type\":\"ImageObject\",\"inLanguage\":\"de\",\"@id\":\"https:\/\/www.talgo.gr\/#\/schema\/logo\/image\/\",\"url\":\"https:\/\/www.talgo.gr\/wp-content\/uploads\/2019\/02\/icon-black-talgo_logo.png\",\"contentUrl\":\"https:\/\/www.talgo.gr\/wp-content\/uploads\/2019\/02\/icon-black-talgo_logo.png\",\"width\":512,\"height\":512,\"caption\":\"Talgo Suites Stalida, Crete, Greece\"},\"image\":{\"@id\":\"https:\/\/www.talgo.gr\/#\/schema\/logo\/image\/\"}}]}<\/script>\n<!-- \/ Yoast SEO plugin. -->","yoast_head_json":{"title":"Essen & Trinken in Talgo Suites Stalida, Crete, Greece","description":"Talgo Beach Bar und Restaurant sind am Strand gelegen und offerieren eine kulinarische Reise mit Ausblick auf die glitzernde Bucht von Stalida.","robots":{"index":"index","follow":"follow","max-snippet":"max-snippet:-1","max-image-preview":"max-image-preview:large","max-video-preview":"max-video-preview:-1"},"canonical":"https:\/\/www.talgo.gr\/de\/essen-trinken\/","og_locale":"de_DE","og_type":"article","og_title":"Essen & Trinken in Talgo Suites Stalida, Crete, Greece","og_description":"Talgo Beach Bar und Restaurant sind am Strand gelegen und offerieren eine kulinarische Reise mit Ausblick auf die glitzernde Bucht von Stalida.","og_url":"https:\/\/www.talgo.gr\/de\/essen-trinken\/","og_site_name":"Talgo Suites Stalida, Crete, Greece","article_modified_time":"2021-09-24T08:10:02+00:00","og_image":[{"width":1200,"height":578,"url":"https:\/\/www.talgo.gr\/wp-content\/uploads\/2019\/03\/01-header.jpg","type":"image\/jpeg"}],"twitter_card":"summary_large_image","twitter_misc":{"Gesch\u00e4tzte Lesezeit":"1\u00a0Minute"},"schema":{"@context":"https:\/\/schema.org","@graph":[{"@type":"WebPage","@id":"https:\/\/www.talgo.gr\/de\/essen-trinken\/","url":"https:\/\/www.talgo.gr\/de\/essen-trinken\/","name":"Essen & Trinken in Talgo Suites Stalida, Crete, Greece","isPartOf":{"@id":"https:\/\/www.talgo.gr\/#website"},"primaryImageOfPage":{"@id":"https:\/\/www.talgo.gr\/de\/essen-trinken\/#primaryimage"},"image":{"@id":"https:\/\/www.talgo.gr\/de\/essen-trinken\/#primaryimage"},"thumbnailUrl":"https:\/\/www.talgo.gr\/wp-content\/uploads\/2019\/03\/01-header.jpg","datePublished":"2019-04-03T09:41:46+00:00","dateModified":"2021-09-24T08:10:02+00:00","description":"Talgo Beach Bar und Restaurant sind am Strand gelegen und offerieren eine kulinarische Reise mit Ausblick auf die glitzernde Bucht von Stalida.","breadcrumb":{"@id":"https:\/\/www.talgo.gr\/de\/essen-trinken\/#breadcrumb"},"inLanguage":"de","potentialAction":[{"@type":"ReadAction","target":["https:\/\/www.talgo.gr\/de\/essen-trinken\/"]}]},{"@type":"ImageObject","inLanguage":"de","@id":"https:\/\/www.talgo.gr\/de\/essen-trinken\/#primaryimage","url":"https:\/\/www.talgo.gr\/wp-content\/uploads\/2019\/03\/01-header.jpg","contentUrl":"https:\/\/www.talgo.gr\/wp-content\/uploads\/2019\/03\/01-header.jpg","width":1200,"height":578},{"@type":"BreadcrumbList","@id":"https:\/\/www.talgo.gr\/de\/essen-trinken\/#breadcrumb","itemListElement":[{"@type":"ListItem","position":1,"name":"Home","item":"https:\/\/www.talgo.gr\/de\/"},{"@type":"ListItem","position":2,"name":"Essen &#038; Trinken"}]},{"@type":"WebSite","@id":"https:\/\/www.talgo.gr\/#website","url":"https:\/\/www.talgo.gr\/","name":"Talgo Suites Stalida, Crete, Greece","description":"","publisher":{"@id":"https:\/\/www.talgo.gr\/#organization"},"potentialAction":[{"@type":"SearchAction","target":{"@type":"EntryPoint","urlTemplate":"https:\/\/www.talgo.gr\/?s={search_term_string}"},"query-input":{"@type":"PropertyValueSpecification","valueRequired":true,"valueName":"search_term_string"}}],"inLanguage":"de"},{"@type":"Organization","@id":"https:\/\/www.talgo.gr\/#organization","name":"Talgo Suites Stalida, Crete, Greece","url":"https:\/\/www.talgo.gr\/","logo":{"@type":"ImageObject","inLanguage":"de","@id":"https:\/\/www.talgo.gr\/#\/schema\/logo\/image\/","url":"https:\/\/www.talgo.gr\/wp-content\/uploads\/2019\/02\/icon-black-talgo_logo.png","contentUrl":"https:\/\/www.talgo.gr\/wp-content\/uploads\/2019\/02\/icon-black-talgo_logo.png","width":512,"height":512,"caption":"Talgo Suites Stalida, Crete, Greece"},"image":{"@id":"https:\/\/www.talgo.gr\/#\/schema\/logo\/image\/"}}]}},"_links":{"self":[{"href":"https:\/\/www.talgo.gr\/de\/wp-json\/wp\/v2\/pages\/1089"}],"collection":[{"href":"https:\/\/www.talgo.gr\/de\/wp-json\/wp\/v2\/pages"}],"about":[{"href":"https:\/\/www.talgo.gr\/de\/wp-json\/wp\/v2\/types\/page"}],"author":[{"embeddable":true,"href":"https:\/\/www.talgo.gr\/de\/wp-json\/wp\/v2\/users\/1"}],"replies":[{"embeddable":true,"href":"https:\/\/www.talgo.gr\/de\/wp-json\/wp\/v2\/comments?post=1089"}],"version-history":[{"count":4,"href":"https:\/\/www.talgo.gr\/de\/wp-json\/wp\/v2\/pages\/1089\/revisions"}],"predecessor-version":[{"id":1601,"href":"https:\/\/www.talgo.gr\/de\/wp-json\/wp\/v2\/pages\/1089\/revisions\/1601"}],"wp:featuredmedia":[{"embeddable":true,"href":"https:\/\/www.talgo.gr\/de\/wp-json\/wp\/v2\/media\/1003"}],"wp:attachment":[{"href":"https:\/\/www.talgo.gr\/de\/wp-json\/wp\/v2\/media?parent=1089"}],"curies":[{"name":"wp","href":"https:\/\/api.w.org\/{rel}","templated":true}]}}